{"id":193,"date":"2022-08-01T15:03:58","date_gmt":"2022-08-01T15:03:58","guid":{"rendered":"https:\/\/michaelaoertli.org\/?page_id=193"},"modified":"2023-09-28T18:36:46","modified_gmt":"2023-09-28T18:36:46","slug":"datenschutz","status":"publish","type":"page","link":"https:\/\/move-your-soul.ch\/index.php\/datenschutz\/","title":{"rendered":"DATENSCHUTZ"},"content":{"rendered":"\t\t<div data-elementor-type=\"wp-page\" data-elementor-id=\"193\" class=\"elementor elementor-193\" data-elementor-post-type=\"page\">\n\t\t\t\t\t\t<section class=\"elementor-section elementor-top-section elementor-element elementor-element-500ec26b elementor-section-boxed elementor-section-height-default elementor-section-height-default\" data-id=\"500ec26b\" data-element_type=\"section\" data-e-type=\"section\">\n\t\t\t\t\t\t<div class=\"elementor-container elementor-column-gap-default\">\n\t\t\t\t\t<div class=\"elementor-column elementor-col-100 elementor-top-column elementor-element elementor-element-60a74e54\" data-id=\"60a74e54\" data-element_type=\"column\" data-e-type=\"column\">\n\t\t\t<div class=\"elementor-widget-wrap elementor-element-populated\">\n\t\t\t\t\t\t<div class=\"elementor-element elementor-element-814d92 elementor-widget elementor-widget-image\" data-id=\"814d92\" data-element_type=\"widget\" data-e-type=\"widget\" data-widget_type=\"image.default\">\n\t\t\t\t<div class=\"elementor-widget-container\">\n\t\t\t\t\t\t\t\t\t\t\t\t\t\t\t<img decoding=\"async\" src=\"https:\/\/move-your-soul.ch\/wp-content\/uploads\/2022\/08\/placeholder-4.png\" title=\"\" alt=\"\" loading=\"lazy\" \/>\t\t\t\t\t\t\t\t\t\t\t\t\t\t\t<\/div>\n\t\t\t\t<\/div>\n\t\t\t\t\t<\/div>\n\t\t<\/div>\n\t\t\t\t\t<\/div>\n\t\t<\/section>\n\t\t\t\t<section class=\"elementor-section elementor-top-section elementor-element elementor-element-36384d20 elementor-section-boxed elementor-section-height-default elementor-section-height-default\" data-id=\"36384d20\" data-element_type=\"section\" data-e-type=\"section\">\n\t\t\t\t\t\t<div class=\"elementor-container elementor-column-gap-default\">\n\t\t\t\t\t<div class=\"elementor-column elementor-col-50 elementor-top-column elementor-element elementor-element-15a52224\" data-id=\"15a52224\" data-element_type=\"column\" data-e-type=\"column\">\n\t\t\t<div class=\"elementor-widget-wrap elementor-element-populated\">\n\t\t\t\t\t\t<div class=\"elementor-element elementor-element-1a76bac5 elementor-widget elementor-widget-spacer\" data-id=\"1a76bac5\" data-element_type=\"widget\" data-e-type=\"widget\" data-widget_type=\"spacer.default\">\n\t\t\t\t<div class=\"elementor-widget-container\">\n\t\t\t\t\t\t\t<div class=\"elementor-spacer\">\n\t\t\t<div class=\"elementor-spacer-inner\"><\/div>\n\t\t<\/div>\n\t\t\t\t\t\t<\/div>\n\t\t\t\t<\/div>\n\t\t\t\t\t<\/div>\n\t\t<\/div>\n\t\t\t\t<div class=\"elementor-column elementor-col-50 elementor-top-column elementor-element elementor-element-7a877c92\" data-id=\"7a877c92\" data-element_type=\"column\" data-e-type=\"column\">\n\t\t\t<div class=\"elementor-widget-wrap elementor-element-populated\">\n\t\t\t\t\t\t<div class=\"elementor-element elementor-element-70738ac elementor-widget elementor-widget-spacer\" data-id=\"70738ac\" data-element_type=\"widget\" data-e-type=\"widget\" data-widget_type=\"spacer.default\">\n\t\t\t\t<div class=\"elementor-widget-container\">\n\t\t\t\t\t\t\t<div class=\"elementor-spacer\">\n\t\t\t<div class=\"elementor-spacer-inner\"><\/div>\n\t\t<\/div>\n\t\t\t\t\t\t<\/div>\n\t\t\t\t<\/div>\n\t\t\t\t\t<\/div>\n\t\t<\/div>\n\t\t\t\t\t<\/div>\n\t\t<\/section>\n\t\t\t\t<section class=\"elementor-section elementor-top-section elementor-element elementor-element-7e84afc8 elementor-section-boxed elementor-section-height-default elementor-section-height-default\" data-id=\"7e84afc8\" data-element_type=\"section\" data-e-type=\"section\" data-settings=\"{&quot;background_background&quot;:&quot;classic&quot;}\">\n\t\t\t\t\t\t<div class=\"elementor-container elementor-column-gap-default\">\n\t\t\t\t\t<div class=\"elementor-column elementor-col-100 elementor-top-column elementor-element elementor-element-22ef2e62\" data-id=\"22ef2e62\" data-element_type=\"column\" data-e-type=\"column\">\n\t\t\t<div class=\"elementor-widget-wrap elementor-element-populated\">\n\t\t\t\t\t\t<div class=\"elementor-element elementor-element-7bf5cf41 elementor-widget elementor-widget-heading\" data-id=\"7bf5cf41\" data-element_type=\"widget\" data-e-type=\"widget\" data-widget_type=\"heading.default\">\n\t\t\t\t<div class=\"elementor-widget-container\">\n\t\t\t\t\t<h2 class=\"elementor-heading-title elementor-size-large\">Datenschutz<\/h2>\t\t\t\t<\/div>\n\t\t\t\t<\/div>\n\t\t\t\t<div class=\"elementor-element elementor-element-78fde4ea elementor-widget elementor-widget-text-editor\" data-id=\"78fde4ea\" data-element_type=\"widget\" data-e-type=\"widget\" data-widget_type=\"text-editor.default\">\n\t\t\t\t<div class=\"elementor-widget-container\">\n\t\t\t\t\t\t\t\t\t<p>Gest\u00fctzt auf Artikel 13 der schweizerischen Bundesverfassung \u00a0und die datenschutzrechtlichen Bestimmungen des Bundes (Datenschutzgesetz, DSG) \u00a0hat jede Person Anspruch auf Schutz ihrer Privatsph\u00e4re sowie auf Schutz vor \u00a0Missbrauch ihrer pers\u00f6nlichen Daten. Wir halten diese Bestimmungen ein. \u00a0Pers\u00f6nliche Daten werden streng vertraulich behandelt und weder an Dritte \u00a0verkauft noch weiter gegeben. In enger Zusammenarbeit mit unseren Hosting-Providern \u00a0bem\u00fchen wir uns, die Datenbanken so gut wie m\u00f6glich vor fremden Zugriffen, Verlusten, \u00a0Missbrauch oder vor F\u00e4lschung zu sch\u00fctzen. Beim Zugriff auf unsere Webseiten werden folgende Daten in \u00a0Logfiles gespeichert: IP-Adresse, Datum, Uhrzeit, Browser-Anfrage und allg. \u00a0\u00fcbertragene Informationen zum Betriebssystem resp. Browser. Diese Nutzungsdaten \u00a0bilden die Basis f\u00fcr statistische, anonyme Auswertungen, so dass Trends \u00a0erkennbar sind, anhand derer wir unsere Angebote entsprechend verbessern \u00a0k\u00f6nnen.\u00a0<\/p><p>Datenschutzerkl\u00e4rung f\u00fcr die Nutzung von Facebook-Plugins (Like-Button)\u00a0<br \/>Auf unseren Seiten sind Plugins des sozialen Netzwerks Facebook, 1601 \u00a0South California Avenue, Palo Alto, CA 94304, USA integriert. Die \u00a0Facebook-Plugins erkennen Sie an dem Facebook-Logo oder dem \u00a0&#8222;Like-Button&#8220; (&#8222;Gef\u00e4llt mir&#8220;) auf unserer Seite. Eine \u00a0\u00dcbersicht \u00fcber die Facebook-Plugins finden Sie hier: \u00a0http:\/\/developers.facebook.com\/docs\/plugins\/.\u00a0<\/p><p>Wenn Sie unsere Seiten besuchen, wird \u00fcber das Plugin eine direkte \u00a0Verbindung zwischen Ihrem Browser und dem Facebook-Server hergestellt. Facebook \u00a0erh\u00e4lt dadurch die Information, dass Sie mit Ihrer IP-Adresse unsere Seite \u00a0besucht haben. Wenn Sie den Facebook &#8222;Like-Button&#8220; anklicken w\u00e4hrend \u00a0Sie in Ihrem Facebook-Account eingeloggt sind, k\u00f6nnen Sie die Inhalte unserer \u00a0Seiten auf Ihrem Facebook-Profil verlinken. Dadurch kann Facebook den Besuch \u00a0unserer Seiten Ihrem Benutzerkonto zuordnen. Wir weisen darauf hin, dass wir \u00a0als Anbieter der Seiten keine Kenntnis vom Inhalt der \u00fcbermittelten Daten sowie \u00a0deren Nutzung durch Facebook erhalten. Weitere Informationen hierzu finden Sie \u00a0in der Datenschutzerkl\u00e4rung von facebook unter \u00a0https:\/\/www.facebook.com\/about\/privacy\/<\/p><p>Wenn Sie nicht \u00a0w\u00fcnschen, dass Facebook den Besuch unserer Seiten Ihrem Facebook-Nutzerkonto \u00a0zuordnen kann, loggen Sie sich bitte aus Ihrem Facebook-Benutzerkonto aus.\u00a0<br \/><br \/><\/p><p>Datenschutzerkl\u00e4rung f\u00fcr die Nutzung von Google Analytics<\/p><p>Diese Website benutzt Google Analytics, einen Webanalysedienst der \u00a0Google Inc. (&#8222;Google&#8220;). Google Analytics verwendet sog. \u00a0&#8222;Cookies&#8220;, Textdateien, die auf Ihrem Computer gespeichert werden und \u00a0die eine Analyse der Benutzung der Website durch Sie erm\u00f6glichen. Die durch den \u00a0Cookie erzeugten Informationen \u00fcber Ihre Benutzung dieser Website werden in der \u00a0Regel an einen Server von Google in den USA \u00fcbertragen und dort gespeichert. Im \u00a0Falle der Aktivierung der IP-Anonymisierung auf dieser Webseite wird Ihre \u00a0IP-Adresse von Google jedoch innerhalb von Mitgliedstaaten der Europ\u00e4ischen \u00a0Union oder in anderen Vertragsstaaten des Abkommens \u00fcber den Europ\u00e4ischen Wirtschaftsraum \u00a0zuvor gek\u00fcrzt.\u00a0<\/p><p>Nur in Ausnahmef\u00e4llen wird die volle IP-Adresse an einen Server von \u00a0Google in den USA \u00fcbertragen und dort gek\u00fcrzt. Google wird diese \u00a0Informationen benutzen, um Ihre Nutzung der Website auszuwerten, um Reports \u00a0\u00fcber die Websiteaktivit\u00e4ten f\u00fcr die Websitebetreiber zusammenzustellen und um \u00a0weitere mit der Websitenutzung und der Internetnutzung verbundene \u00a0Dienstleistungen zu erbringen. Auch wird Google diese Informationen \u00a0gegebenenfalls an Dritte \u00fcbertragen, sofern dies gesetzlich vorgeschrieben oder \u00a0soweit Dritte diese Daten im Auftrag von Google verarbeiten. Die im \u00a0Rahmen von Google Analytics von Ihrem Browser \u00fcbermittelte IP-Adresse wird \u00a0nicht mit anderen Daten von Google zusammengef\u00fchrt.\u00a0<\/p><p>Sie k\u00f6nnen die Installation der Cookies durch eine \u00a0entsprechende Einstellung Ihrer Browser Software verhindern; wir weisen Sie \u00a0jedoch darauf hin, dass Sie in diesem Fall gegebenenfalls nicht s\u00e4mtliche \u00a0Funktionen dieser Website voll umf\u00e4nglich nutzen k\u00f6nnen. Durch \u00a0die Nutzung dieser Website erkl\u00e4ren Sie sich mit der Bearbeitung der \u00fcber Sie \u00a0erhobenen Daten durch Google in der zuvor beschriebenen Art und Weise und zu \u00a0dem zuvor benannten Zweck einverstanden.<\/p><p>\u00a0<\/p><p>1. Erhebung, Verarbeitung und Nutzung personenbezogener Daten<\/p><p>Bei einem Besuch auf dieser Website werden keine personenbezogenen Daten von Ihnen erhoben. Personenbezogene Daten werden nur erhoben, wenn Sie mir diese bei Registrierung f\u00fcr meinen Newsletter oder in sonstiger Weise freiwillig mitteilen.<\/p><p>Bei Anmeldung zum Newsletter werden Ihr Name und Ihre E-Mail-Adresse mit Ihrer Einwilligung f\u00fcr eigene Werbezwecke genutzt, bis Sie sich vom Newsletter abmelden. Ihre Einwilligung zur Speicherung der Daten, der Email-Adresse sowie deren Nutzung zum Versand des Newsletters k\u00f6nnen Sie auch jederzeit widerrufen.<\/p><p>\u00a0<\/p><p>2. Weitergabe personenbezogener Daten<\/p><p>Eine Weitergabe Ihrer personenbezogenen Daten an Dritte erfolgt nicht.<\/p><p>\u00a0<\/p><p>3. Verwendung von Cookies<\/p><p>Um die Qualit\u00e4t und Attraktivit\u00e4t der Website laufend zu verbessern, wird der Web-Analysedienst \u201eGoogle Analytics\u201c genutzt. Details entnehmen Sie bitte der nachfolgenden Beschreibung, zu deren Ver\u00f6ffentlichung ich verpflichtet bin.<\/p><p>\u00a0<\/p><p>4. Google Analytics<\/p><p>Diese Website benutzt Google Analytics, einen Web-Analysedienst der Google Inc. (\u201eGoogle\u201c). Google Analytics verwendet sog. \u201eCookies\u201c, Textdateien, die auf Ihrem Computer gespeichert werden und die eine Analyse der Benutzung der Website durch Sie erm\u00f6glichen. Die durch den Cookie erzeugten Informationen \u00fcber Ihre Benutzung dieser Website werden in der Regel an einen Server von Google in den USA \u00fcbertragen und dort gespeichert. Im Falle der Aktivierung der IP-Anonymisierung auf dieser Webseite wird Ihre IP-Adresse von Google jedoch innerhalb von Mitgliedstaaten der Europ\u00e4ischen Union oder in anderen Vertragsstaaten des Abkommens \u00fcber den Europ\u00e4ischen Wirtschaftsraum zuvor gek\u00fcrzt.<\/p><p>Auf dieser Webseite wurde die IP-Anonymisierung aktiviert, so dass die IP-Adresse der Nutzer von Google innerhalb von Mitgliedstaaten der Europ\u00e4ischen Union oder in anderen Vertragsstaaten des Abkommens \u00fcber den Europ\u00e4ischen Wirtschaftsraum zuvor gek\u00fcrzt wird.<\/p><p>\u00a0<\/p><p>Nur in Ausnahmef\u00e4llen wird die volle IP-Adresse an einen Server von Google in den USA \u00fcbertragen und dort gek\u00fcrzt. Im Auftrag des Betreibers dieser Website wird Google diese Informationen benutzen, um Ihre Nutzung der Website auszuwerten, um Reports \u00fcber die Website-Aktivit\u00e4ten zusammenzustellen und um weitere mit der Website-Nutzung und der Internetnutzung verbundene Dienstleistungen gegen\u00fcber dem Website-Betreiber zu erbringen. Die im Rahmen von Google Analytics von Ihrem Browser \u00fcbermittelte IP-Adresse wird nicht mit anderen Daten von Google zusammengef\u00fchrt.<\/p><p>\u00a0<\/p><p>Sie k\u00f6nnen die Speicherung der Cookies durch eine entsprechende Einstellung Ihrer Browser-Software verhindern; wir weisen Sie jedoch darauf hin, dass Sie in diesem Fall gegebenenfalls nicht s\u00e4mtliche Funktionen dieser Website vollumf\u00e4nglich nutzen werden k\u00f6nnen. Sie k\u00f6nnen dar\u00fcber hinaus die Erfassung der durch das Cookie erzeugten und auf Ihre Nutzung der Website bezogenen Daten (inkl. Ihrer IP-Adresse) an Google sowie die Verarbeitung dieser Daten durch Google verhindern, indem sie das unter dem folgenden Link verf\u00fcgbare Browser-Plugin herunterladen und installieren: http:\/\/ tools.google.com\/dlpage\/gaoptout?hl=de.<\/p><p>Alternativ und ohne einen Browser Plug-in herunterladen zu m\u00fcssen, k\u00f6nnen Sie die Erfassung durch Google Analytics ausschlie\u00dfen, indem Sie auf den folgenden Link klicken. Damit wird in Ihrem Browser ein \u201eOpt-Out-Cookie\u201c installiert, so dass zuk\u00fcnftig keine Erfassung Ihrer Daten beim Besuch unserer Website stattfindet:\u00a0<a>Google Analytics deaktivieren.<\/a><\/p><p>\u00a0<\/p><p>5. Nutzung von Facebook Remarketing<\/p><p>Diese Website verwendet die Remarketing-Funktion \u201eCustom Audiences\u201c der Facebook Inc. (\u201eFacebook\u201c). Diese Funktion dient dazu, Besuchern dieser Webseite im Rahmen des Besuchs des sozialen Netzwerkes Facebook interessenbezogene Werbeanzeigen (\u201eFacebook-Ads\u201c) zu pr\u00e4sentieren. Hierzu wurde auf dieser Website das Remarketing-Tag von Facebook implementiert. \u00dcber dieses Tag wird beim Besuch der Webseite eine direkte Verbindung zu den Facebook-Servern hergestellt. Dabei wird an den Facebook-Server \u00fcbermittelt, dass Sie diese Website besucht haben und Facebook ordnet diese Information Ihrem pers\u00f6nlichen Facebook-Benutzerkonto zu. N\u00e4here Informationen zur Erhebung und Nutzung der Daten durch Facebook sowie \u00fcber Ihre diesbez\u00fcglichen Rechte und M\u00f6glichkeiten zum Schutz Ihrer Privatsph\u00e4re finden Sie in den Datenschutzhinweisen von Facebook unter\u00a0<a>https:\/\/www.facebook.com\/about\/privacy\/<\/a>. Alternativ k\u00f6nnen Sie die Remarketing-Funktion \u201eCustom Audiences\u201c unter\u00a0<a>https:\/\/www.facebook.com\/settings\/?tab=ads#_=_<\/a>\u00a0deaktivieren. Hierf\u00fcr m\u00fcssen Sie bei Facebook angemeldet sein.<\/p><p>\u00a0<\/p><p>6. Datensicherheit<\/p><p>Ich sichere meine Website und sonstigen Systeme durch technische und organisatorische Ma\u00dfnahmen gegen Verlust, Zerst\u00f6rung, Zugriff, Ver\u00e4nderung oder Verbreitung Ihrer Daten durch unbefugte Personen.<\/p><p>7. Auskunftsrecht, Widerruf der Einwilligung zur Datennutzung<\/p><p>\u00a0<\/p><p>Nach dem Bundesdatenschutzgesetz haben Sie ein Recht auf unentgeltliche Auskunft \u00fcber Ihre gespeicherten Daten sowie ggf. ein Recht auf Berichtigung, Sperrung oder L\u00f6schung dieser Daten.<\/p><p>\u00a0<\/p><p>Bei Fragen zur Erhebung, Verarbeitung oder Nutzung Ihrer personenbezogenen Daten, bei Ausk\u00fcnften, Berichtigung, Sperrung oder L\u00f6schung von Daten sowie Widerruf erteilter Einwilligungen wenden Sie sich bitte an: XXX<\/p>\t\t\t\t\t\t\t\t<\/div>\n\t\t\t\t<\/div>\n\t\t\t\t\t<\/div>\n\t\t<\/div>\n\t\t\t\t\t<\/div>\n\t\t<\/section>\n\t\t\t\t<\/div>\n\t\t","protected":false},"excerpt":{"rendered":"<p>Datenschutz Gest\u00fctzt auf Artikel 13 der schweizerischen Bundesverfassung \u00a0und die datenschutzrechtlichen Bestimmungen des Bundes (Datenschutzgesetz, DSG) \u00a0hat jede Person Anspruch auf Schutz ihrer Privatsph\u00e4re sowie auf Schutz vor \u00a0Missbrauch ihrer pers\u00f6nlichen Daten. Wir halten diese Bestimmungen ein. \u00a0Pers\u00f6nliche Daten werden streng vertraulich behandelt und weder an Dritte \u00a0verkauft noch weiter gegeben. In enger Zusammenarbeit mit [&hellip;]<\/p>\n","protected":false},"author":1,"featured_media":0,"parent":0,"menu_order":0,"comment_status":"closed","ping_status":"closed","template":"elementor_header_footer","meta":{"footnotes":""},"folder":[30,23],"class_list":["post-193","page","type-page","status-publish","hentry"],"yoast_head":"<!-- This site is optimized with the Yoast SEO plugin v26.6 - https:\/\/yoast.com\/wordpress\/plugins\/seo\/ -->\n<title>DATENSCHUTZ - Move your Soul by Celine Deutsch<\/title>\n<meta name=\"robots\" content=\"index, follow, max-snippet:-1, max-image-preview:large, max-video-preview:-1\" \/>\n<link rel=\"canonical\" href=\"https:\/\/move-your-soul.ch\/index.php\/datenschutz\/\" \/>\n<meta property=\"og:locale\" content=\"de_DE\" \/>\n<meta property=\"og:type\" content=\"article\" \/>\n<meta property=\"og:title\" content=\"DATENSCHUTZ - Move your Soul by Celine Deutsch\" \/>\n<meta property=\"og:description\" content=\"Datenschutz Gest\u00fctzt auf Artikel 13 der schweizerischen Bundesverfassung \u00a0und die datenschutzrechtlichen Bestimmungen des Bundes (Datenschutzgesetz, DSG) \u00a0hat jede Person Anspruch auf Schutz ihrer Privatsph\u00e4re sowie auf Schutz vor \u00a0Missbrauch ihrer pers\u00f6nlichen Daten. Wir halten diese Bestimmungen ein. \u00a0Pers\u00f6nliche Daten werden streng vertraulich behandelt und weder an Dritte \u00a0verkauft noch weiter gegeben. In enger Zusammenarbeit mit [&hellip;]\" \/>\n<meta property=\"og:url\" content=\"https:\/\/move-your-soul.ch\/index.php\/datenschutz\/\" \/>\n<meta property=\"og:site_name\" content=\"Move your Soul by Celine Deutsch\" \/>\n<meta property=\"article:modified_time\" content=\"2023-09-28T18:36:46+00:00\" \/>\n<meta property=\"og:image\" content=\"https:\/\/move-your-soul.ch\/wp-content\/uploads\/2022\/08\/placeholder-4.png\" \/>\n<meta name=\"twitter:card\" content=\"summary_large_image\" \/>\n<meta name=\"twitter:label1\" content=\"Gesch\u00e4tzte Lesezeit\" \/>\n\t<meta name=\"twitter:data1\" content=\"8\u00a0Minuten\" \/>\n<script type=\"application\/ld+json\" class=\"yoast-schema-graph\">{\"@context\":\"https:\/\/schema.org\",\"@graph\":[{\"@type\":\"WebPage\",\"@id\":\"https:\/\/move-your-soul.ch\/index.php\/datenschutz\/\",\"url\":\"https:\/\/move-your-soul.ch\/index.php\/datenschutz\/\",\"name\":\"DATENSCHUTZ - Move your Soul by Celine Deutsch\",\"isPartOf\":{\"@id\":\"https:\/\/move-your-soul.ch\/#website\"},\"primaryImageOfPage\":{\"@id\":\"https:\/\/move-your-soul.ch\/index.php\/datenschutz\/#primaryimage\"},\"image\":{\"@id\":\"https:\/\/move-your-soul.ch\/index.php\/datenschutz\/#primaryimage\"},\"thumbnailUrl\":\"https:\/\/move-your-soul.ch\/wp-content\/uploads\/2022\/08\/placeholder-4.png\",\"datePublished\":\"2022-08-01T15:03:58+00:00\",\"dateModified\":\"2023-09-28T18:36:46+00:00\",\"breadcrumb\":{\"@id\":\"https:\/\/move-your-soul.ch\/index.php\/datenschutz\/#breadcrumb\"},\"inLanguage\":\"de\",\"potentialAction\":[{\"@type\":\"ReadAction\",\"target\":[\"https:\/\/move-your-soul.ch\/index.php\/datenschutz\/\"]}]},{\"@type\":\"ImageObject\",\"inLanguage\":\"de\",\"@id\":\"https:\/\/move-your-soul.ch\/index.php\/datenschutz\/#primaryimage\",\"url\":\"https:\/\/move-your-soul.ch\/wp-content\/uploads\/2022\/08\/placeholder-4.png\",\"contentUrl\":\"https:\/\/move-your-soul.ch\/wp-content\/uploads\/2022\/08\/placeholder-4.png\"},{\"@type\":\"BreadcrumbList\",\"@id\":\"https:\/\/move-your-soul.ch\/index.php\/datenschutz\/#breadcrumb\",\"itemListElement\":[{\"@type\":\"ListItem\",\"position\":1,\"name\":\"Startseite\",\"item\":\"https:\/\/move-your-soul.ch\/\"},{\"@type\":\"ListItem\",\"position\":2,\"name\":\"DATENSCHUTZ\"}]},{\"@type\":\"WebSite\",\"@id\":\"https:\/\/move-your-soul.ch\/#website\",\"url\":\"https:\/\/move-your-soul.ch\/\",\"name\":\"Move your Soul by Celine Deutsch\",\"description\":\"Celine Deutsch\",\"publisher\":{\"@id\":\"https:\/\/move-your-soul.ch\/#organization\"},\"potentialAction\":[{\"@type\":\"SearchAction\",\"target\":{\"@type\":\"EntryPoint\",\"urlTemplate\":\"https:\/\/move-your-soul.ch\/?s={search_term_string}\"},\"query-input\":{\"@type\":\"PropertyValueSpecification\",\"valueRequired\":true,\"valueName\":\"search_term_string\"}}],\"inLanguage\":\"de\"},{\"@type\":\"Organization\",\"@id\":\"https:\/\/move-your-soul.ch\/#organization\",\"name\":\"Move your Soul by Celine Deutsch\",\"url\":\"https:\/\/move-your-soul.ch\/\",\"logo\":{\"@type\":\"ImageObject\",\"inLanguage\":\"de\",\"@id\":\"https:\/\/move-your-soul.ch\/#\/schema\/logo\/image\/\",\"url\":\"https:\/\/move-your-soul.ch\/wp-content\/uploads\/2022\/08\/Logo.png\",\"contentUrl\":\"https:\/\/move-your-soul.ch\/wp-content\/uploads\/2022\/08\/Logo.png\",\"width\":1563,\"height\":1563,\"caption\":\"Move your Soul by Celine Deutsch\"},\"image\":{\"@id\":\"https:\/\/move-your-soul.ch\/#\/schema\/logo\/image\/\"}}]}<\/script>\n<!-- \/ Yoast SEO plugin. -->","yoast_head_json":{"title":"DATENSCHUTZ - Move your Soul by Celine Deutsch","robots":{"index":"index","follow":"follow","max-snippet":"max-snippet:-1","max-image-preview":"max-image-preview:large","max-video-preview":"max-video-preview:-1"},"canonical":"https:\/\/move-your-soul.ch\/index.php\/datenschutz\/","og_locale":"de_DE","og_type":"article","og_title":"DATENSCHUTZ - Move your Soul by Celine Deutsch","og_description":"Datenschutz Gest\u00fctzt auf Artikel 13 der schweizerischen Bundesverfassung \u00a0und die datenschutzrechtlichen Bestimmungen des Bundes (Datenschutzgesetz, DSG) \u00a0hat jede Person Anspruch auf Schutz ihrer Privatsph\u00e4re sowie auf Schutz vor \u00a0Missbrauch ihrer pers\u00f6nlichen Daten. Wir halten diese Bestimmungen ein. \u00a0Pers\u00f6nliche Daten werden streng vertraulich behandelt und weder an Dritte \u00a0verkauft noch weiter gegeben. In enger Zusammenarbeit mit [&hellip;]","og_url":"https:\/\/move-your-soul.ch\/index.php\/datenschutz\/","og_site_name":"Move your Soul by Celine Deutsch","article_modified_time":"2023-09-28T18:36:46+00:00","og_image":[{"url":"https:\/\/move-your-soul.ch\/wp-content\/uploads\/2022\/08\/placeholder-4.png","type":"","width":"","height":""}],"twitter_card":"summary_large_image","twitter_misc":{"Gesch\u00e4tzte Lesezeit":"8\u00a0Minuten"},"schema":{"@context":"https:\/\/schema.org","@graph":[{"@type":"WebPage","@id":"https:\/\/move-your-soul.ch\/index.php\/datenschutz\/","url":"https:\/\/move-your-soul.ch\/index.php\/datenschutz\/","name":"DATENSCHUTZ - Move your Soul by Celine Deutsch","isPartOf":{"@id":"https:\/\/move-your-soul.ch\/#website"},"primaryImageOfPage":{"@id":"https:\/\/move-your-soul.ch\/index.php\/datenschutz\/#primaryimage"},"image":{"@id":"https:\/\/move-your-soul.ch\/index.php\/datenschutz\/#primaryimage"},"thumbnailUrl":"https:\/\/move-your-soul.ch\/wp-content\/uploads\/2022\/08\/placeholder-4.png","datePublished":"2022-08-01T15:03:58+00:00","dateModified":"2023-09-28T18:36:46+00:00","breadcrumb":{"@id":"https:\/\/move-your-soul.ch\/index.php\/datenschutz\/#breadcrumb"},"inLanguage":"de","potentialAction":[{"@type":"ReadAction","target":["https:\/\/move-your-soul.ch\/index.php\/datenschutz\/"]}]},{"@type":"ImageObject","inLanguage":"de","@id":"https:\/\/move-your-soul.ch\/index.php\/datenschutz\/#primaryimage","url":"https:\/\/move-your-soul.ch\/wp-content\/uploads\/2022\/08\/placeholder-4.png","contentUrl":"https:\/\/move-your-soul.ch\/wp-content\/uploads\/2022\/08\/placeholder-4.png"},{"@type":"BreadcrumbList","@id":"https:\/\/move-your-soul.ch\/index.php\/datenschutz\/#breadcrumb","itemListElement":[{"@type":"ListItem","position":1,"name":"Startseite","item":"https:\/\/move-your-soul.ch\/"},{"@type":"ListItem","position":2,"name":"DATENSCHUTZ"}]},{"@type":"WebSite","@id":"https:\/\/move-your-soul.ch\/#website","url":"https:\/\/move-your-soul.ch\/","name":"Move your Soul by Celine Deutsch","description":"Celine Deutsch","publisher":{"@id":"https:\/\/move-your-soul.ch\/#organization"},"potentialAction":[{"@type":"SearchAction","target":{"@type":"EntryPoint","urlTemplate":"https:\/\/move-your-soul.ch\/?s={search_term_string}"},"query-input":{"@type":"PropertyValueSpecification","valueRequired":true,"valueName":"search_term_string"}}],"inLanguage":"de"},{"@type":"Organization","@id":"https:\/\/move-your-soul.ch\/#organization","name":"Move your Soul by Celine Deutsch","url":"https:\/\/move-your-soul.ch\/","logo":{"@type":"ImageObject","inLanguage":"de","@id":"https:\/\/move-your-soul.ch\/#\/schema\/logo\/image\/","url":"https:\/\/move-your-soul.ch\/wp-content\/uploads\/2022\/08\/Logo.png","contentUrl":"https:\/\/move-your-soul.ch\/wp-content\/uploads\/2022\/08\/Logo.png","width":1563,"height":1563,"caption":"Move your Soul by Celine Deutsch"},"image":{"@id":"https:\/\/move-your-soul.ch\/#\/schema\/logo\/image\/"}}]}},"_links":{"self":[{"href":"https:\/\/move-your-soul.ch\/index.php\/wp-json\/wp\/v2\/pages\/193","targetHints":{"allow":["GET"]}}],"collection":[{"href":"https:\/\/move-your-soul.ch\/index.php\/wp-json\/wp\/v2\/pages"}],"about":[{"href":"https:\/\/move-your-soul.ch\/index.php\/wp-json\/wp\/v2\/types\/page"}],"author":[{"embeddable":true,"href":"https:\/\/move-your-soul.ch\/index.php\/wp-json\/wp\/v2\/users\/1"}],"replies":[{"embeddable":true,"href":"https:\/\/move-your-soul.ch\/index.php\/wp-json\/wp\/v2\/comments?post=193"}],"version-history":[{"count":9,"href":"https:\/\/move-your-soul.ch\/index.php\/wp-json\/wp\/v2\/pages\/193\/revisions"}],"predecessor-version":[{"id":7521,"href":"https:\/\/move-your-soul.ch\/index.php\/wp-json\/wp\/v2\/pages\/193\/revisions\/7521"}],"wp:attachment":[{"href":"https:\/\/move-your-soul.ch\/index.php\/wp-json\/wp\/v2\/media?parent=193"}],"wp:term":[{"taxonomy":"folder","embeddable":true,"href":"https:\/\/move-your-soul.ch\/index.php\/wp-json\/wp\/v2\/folder?post=193"}],"curies":[{"name":"wp","href":"https:\/\/api.w.org\/{rel}","templated":true}]}}