{"id":7278,"date":"2023-09-24T19:46:19","date_gmt":"2023-09-24T19:46:19","guid":{"rendered":"https:\/\/moneu.michaelaoertli.com\/?page_id=7278"},"modified":"2026-03-14T17:50:46","modified_gmt":"2026-03-14T17:50:46","slug":"pferdeunterstuetztes-coaching","status":"publish","type":"page","link":"https:\/\/move-your-soul.ch\/index.php\/pferdeunterstuetztes-coaching\/","title":{"rendered":"COACHING"},"content":{"rendered":"\t\t<div data-elementor-type=\"wp-page\" data-elementor-id=\"7278\" class=\"elementor elementor-7278\" data-elementor-post-type=\"page\">\n\t\t\t\t<div class=\"elementor-element elementor-element-23289aec e-con-full e-flex e-con e-parent\" data-id=\"23289aec\" data-element_type=\"container\" data-e-type=\"container\">\n\t\t<div class=\"elementor-element elementor-element-2fc890f0 e-con-full e-flex e-con e-child\" data-id=\"2fc890f0\" data-element_type=\"container\" data-e-type=\"container\">\n\t\t\t\t<div class=\"elementor-element elementor-element-837db3f elementor-widget elementor-widget-spacer\" data-id=\"837db3f\" data-element_type=\"widget\" data-e-type=\"widget\" data-widget_type=\"spacer.default\">\n\t\t\t\t<div class=\"elementor-widget-container\">\n\t\t\t\t\t\t\t<div class=\"elementor-spacer\">\n\t\t\t<div class=\"elementor-spacer-inner\"><\/div>\n\t\t<\/div>\n\t\t\t\t\t\t<\/div>\n\t\t\t\t<\/div>\n\t\t\t\t<\/div>\n\t\t\t\t<\/div>\n\t\t<div class=\"elementor-element elementor-element-7192a2ee e-flex e-con-boxed e-con e-parent\" data-id=\"7192a2ee\" data-element_type=\"container\" data-e-type=\"container\">\n\t\t\t\t\t<div class=\"e-con-inner\">\n\t\t\t\t<div class=\"elementor-element elementor-element-5b1ecf7 elementor-widget elementor-widget-heading\" data-id=\"5b1ecf7\" data-element_type=\"widget\" data-e-type=\"widget\" data-widget_type=\"heading.default\">\n\t\t\t\t<div class=\"elementor-widget-container\">\n\t\t\t\t\t<h2 class=\"elementor-heading-title elementor-size-default\">Pferdeunterst\u00fctztes Coaching <\/h2>\t\t\t\t<\/div>\n\t\t\t\t<\/div>\n\t\t\t\t\t<\/div>\n\t\t\t\t<\/div>\n\t\t<div class=\"elementor-element elementor-element-a7a016e e-flex e-con-boxed e-con e-parent\" data-id=\"a7a016e\" data-element_type=\"container\" data-e-type=\"container\">\n\t\t\t\t\t<div class=\"e-con-inner\">\n\t\t\t\t<div class=\"elementor-element elementor-element-6e75843 elementor-widget elementor-widget-text-editor\" data-id=\"6e75843\" data-element_type=\"widget\" data-e-type=\"widget\" data-widget_type=\"text-editor.default\">\n\t\t\t\t<div class=\"elementor-widget-container\">\n\t\t\t\t\t\t\t\t\t<p>Das Pferd steigert die Aussch\u00fcttung des Liebeshormon Oxytocin, was somit beim Mensch das Gef\u00fchl von Sicherheit und Geborgenheit ausl\u00f6st. Diese Gef\u00fchle k\u00f6nnen so dazu f\u00fchren, dass schneller ein sicherer Raum geschaffen werden kann und der Kunde dem Coach sich schneller anvertraut.<br \/>Nicht nur das ist ein grosser Vorteil in der Zusammenarbeit mit dem Pferd. Denn unser Co-Coach bringt von Natur aus viel Feingesp\u00fchr mit und ist in jeder Situation wertefrei. Es kann den Prozess so mit ganz viel Empathie begleiten und st\u00fctzend zur Seite stehen.<\/p>\t\t\t\t\t\t\t\t<\/div>\n\t\t\t\t<\/div>\n\t\t\t\t\t<\/div>\n\t\t\t\t<\/div>\n\t\t<div class=\"elementor-element elementor-element-154a97e e-flex e-con-boxed e-con e-parent\" data-id=\"154a97e\" data-element_type=\"container\" data-e-type=\"container\">\n\t\t\t\t\t<div class=\"e-con-inner\">\n\t\t\t\t<div class=\"elementor-element elementor-element-d464589 elementor-widget elementor-widget-spacer\" data-id=\"d464589\" data-element_type=\"widget\" data-e-type=\"widget\" data-widget_type=\"spacer.default\">\n\t\t\t\t<div class=\"elementor-widget-container\">\n\t\t\t\t\t\t\t<div class=\"elementor-spacer\">\n\t\t\t<div class=\"elementor-spacer-inner\"><\/div>\n\t\t<\/div>\n\t\t\t\t\t\t<\/div>\n\t\t\t\t<\/div>\n\t\t\t\t\t<\/div>\n\t\t\t\t<\/div>\n\t\t<div class=\"elementor-element elementor-element-f349c35 e-flex e-con-boxed e-con e-parent\" data-id=\"f349c35\" data-element_type=\"container\" data-e-type=\"container\">\n\t\t\t\t\t<div class=\"e-con-inner\">\n\t\t\t\t<div class=\"elementor-element elementor-element-cd57c8e elementor-widget elementor-widget-heading\" data-id=\"cd57c8e\" data-element_type=\"widget\" data-e-type=\"widget\" data-widget_type=\"heading.default\">\n\t\t\t\t<div class=\"elementor-widget-container\">\n\t\t\t\t\t<h2 class=\"elementor-heading-title elementor-size-default\">Wie funktioniert das?<\/h2>\t\t\t\t<\/div>\n\t\t\t\t<\/div>\n\t\t\t\t\t<\/div>\n\t\t\t\t<\/div>\n\t\t<div class=\"elementor-element elementor-element-5d36fb0 e-flex e-con-boxed e-con e-parent\" data-id=\"5d36fb0\" data-element_type=\"container\" data-e-type=\"container\">\n\t\t\t\t\t<div class=\"e-con-inner\">\n\t\t\t\t<div class=\"elementor-element elementor-element-5439939 elementor-widget elementor-widget-text-editor\" data-id=\"5439939\" data-element_type=\"widget\" data-e-type=\"widget\" data-widget_type=\"text-editor.default\">\n\t\t\t\t<div class=\"elementor-widget-container\">\n\t\t\t\t\t\t\t\t\t<p>In einem Vorgespr\u00e4ch wird zun\u00e4chst das Thema besprochen und das Ziel definiert. Danach geht es in die Aktion mit dem Pferd. Hierzu stehen dem Coach je nach Themengebiet verschiedene \u00dcbungen zur Verf\u00fcgung, die er den Kunden zusammen mit dem Pferd ausf\u00fchren l\u00e4sst. Das Pferd und der Kunde arbeiten in der gesamten Sitzung als Team zusammen, wobei dem Pferd auch verschiedene Rollen zugeteilt werden k\u00f6nnen. In der Arbeit erfragt unser Co-Coach dabei instinktiv immer folgende Punkte: &#8222;Kann ich dir Vertrauen?&#8220;, &#8222;Biestest du mir Sicherheit?&#8220;, &#8222;Verdienst du meinen Respekt&#8220;, &#8222;kennst du den Weg?&#8220; und &#8220; Bist du authentisch?&#8220;.<br \/>Der Coach stellt dabei immer wieder gezielte fragen und dient als \u00dcbersetzer und Vermittler zwischen Kunde und Pferd.\u00a0<\/p><p>Anhand der Reaktion des Pferdes kann der Coach, als auch der Kunde erkennen wie er gerade zu diesem Thema steht und ob er gerade im Bewusstsein ist oder nicht. Ist ihm das Ausmass der Problem Situation bewusst, oder kennt er seine Ressourcen und Werte so wird das Pferd nicht weiter reagieren und in einer entspannten K\u00f6rperhaltung und Energie bleiben. Ist er sich aber etwas nicht bewusst, es l\u00f6st viel Stress in ihm aus oder er unterdr\u00fcck gar seine Gef\u00fchle, wird das Pferd darauf sofort und wertefrei reagieren. Das kann zum Beispiel in Form von g\u00e4hnen oder sch\u00fctteln sein. Was aber je nach Pferd individuell ist.<br \/>Die Sitzung ist beendet sobald das zuvor definierte Ziel erreicht wurde und der Kunde sich dabei wohl und sicher f\u00fchlt. Der Kunde bekommt danach meist eine kleine Aufgabe f\u00fcr den Alltag sodass, er immer mehr in die Eigenwirksamkeit kommt und die schwierigen Situationen so \u00fcber die Zeit besser bew\u00e4ltigen kann und es ihm dabei immer besser geht.\u00a0<\/p>\t\t\t\t\t\t\t\t<\/div>\n\t\t\t\t<\/div>\n\t\t\t\t\t<\/div>\n\t\t\t\t<\/div>\n\t\t<div class=\"elementor-element elementor-element-d33b704 e-flex e-con-boxed e-con e-parent\" data-id=\"d33b704\" data-element_type=\"container\" data-e-type=\"container\">\n\t\t\t\t\t<div class=\"e-con-inner\">\n\t\t\t\t<div class=\"elementor-element elementor-element-d3e5005 elementor-widget elementor-widget-spacer\" data-id=\"d3e5005\" data-element_type=\"widget\" data-e-type=\"widget\" data-widget_type=\"spacer.default\">\n\t\t\t\t<div class=\"elementor-widget-container\">\n\t\t\t\t\t\t\t<div class=\"elementor-spacer\">\n\t\t\t<div class=\"elementor-spacer-inner\"><\/div>\n\t\t<\/div>\n\t\t\t\t\t\t<\/div>\n\t\t\t\t<\/div>\n\t\t\t\t\t<\/div>\n\t\t\t\t<\/div>\n\t\t<div class=\"elementor-element elementor-element-47c6518 e-flex e-con-boxed e-con e-parent\" data-id=\"47c6518\" data-element_type=\"container\" data-e-type=\"container\">\n\t\t\t\t\t<div class=\"e-con-inner\">\n\t\t<div class=\"elementor-element elementor-element-0bebaa9 e-con-full e-flex e-con e-child\" data-id=\"0bebaa9\" data-element_type=\"container\" data-e-type=\"container\">\n\t\t<div class=\"elementor-element elementor-element-5f2eab3 e-con-full e-flex e-con e-child\" data-id=\"5f2eab3\" data-element_type=\"container\" data-e-type=\"container\">\n\t\t\t\t<div class=\"elementor-element elementor-element-b9206dd elementor-widget elementor-widget-text-editor\" data-id=\"b9206dd\" data-element_type=\"widget\" data-e-type=\"widget\" data-widget_type=\"text-editor.default\">\n\t\t\t\t<div class=\"elementor-widget-container\">\n\t\t\t\t\t\t\t\t\t<p style=\"text-align: center;\">Du bist interessiert? Gelange Hier zum Angebot!\u00a0<\/p>\t\t\t\t\t\t\t\t<\/div>\n\t\t\t\t<\/div>\n\t\t\t\t<div class=\"elementor-element elementor-element-118be1a elementor-align-center elementor-widget elementor-widget-button\" data-id=\"118be1a\" data-element_type=\"widget\" data-e-type=\"widget\" data-widget_type=\"button.default\">\n\t\t\t\t<div class=\"elementor-widget-container\">\n\t\t\t\t\t\t\t\t\t<div class=\"elementor-button-wrapper\">\n\t\t\t\t\t<a class=\"elementor-button elementor-button-link elementor-size-sm\" href=\"https:\/\/move-your-soul.ch\/index.php\/angebot\/\">\n\t\t\t\t\t\t<span class=\"elementor-button-content-wrapper\">\n\t\t\t\t\t\t\t\t\t<span class=\"elementor-button-text\">Zum Angebot<\/span>\n\t\t\t\t\t<\/span>\n\t\t\t\t\t<\/a>\n\t\t\t\t<\/div>\n\t\t\t\t\t\t\t\t<\/div>\n\t\t\t\t<\/div>\n\t\t\t\t<\/div>\n\t\t\t\t<\/div>\n\t\t\t\t\t<\/div>\n\t\t\t\t<\/div>\n\t\t<div class=\"elementor-element elementor-element-463af14 e-flex e-con-boxed e-con e-parent\" data-id=\"463af14\" data-element_type=\"container\" data-e-type=\"container\">\n\t\t\t\t\t<div class=\"e-con-inner\">\n\t\t\t\t<div class=\"elementor-element elementor-element-4a44d4a elementor-widget elementor-widget-spacer\" data-id=\"4a44d4a\" data-element_type=\"widget\" data-e-type=\"widget\" data-widget_type=\"spacer.default\">\n\t\t\t\t<div class=\"elementor-widget-container\">\n\t\t\t\t\t\t\t<div class=\"elementor-spacer\">\n\t\t\t<div class=\"elementor-spacer-inner\"><\/div>\n\t\t<\/div>\n\t\t\t\t\t\t<\/div>\n\t\t\t\t<\/div>\n\t\t\t\t\t<\/div>\n\t\t\t\t<\/div>\n\t\t<div class=\"elementor-element elementor-element-d0c7bce e-flex e-con-boxed e-con e-parent\" data-id=\"d0c7bce\" data-element_type=\"container\" data-e-type=\"container\">\n\t\t\t\t\t<div class=\"e-con-inner\">\n\t\t\t\t<div class=\"elementor-element elementor-element-d1e6bc3 elementor-widget elementor-widget-spacer\" data-id=\"d1e6bc3\" data-element_type=\"widget\" data-e-type=\"widget\" data-widget_type=\"spacer.default\">\n\t\t\t\t<div class=\"elementor-widget-container\">\n\t\t\t\t\t\t\t<div class=\"elementor-spacer\">\n\t\t\t<div class=\"elementor-spacer-inner\"><\/div>\n\t\t<\/div>\n\t\t\t\t\t\t<\/div>\n\t\t\t\t<\/div>\n\t\t\t\t\t<\/div>\n\t\t\t\t<\/div>\n\t\t\t\t<\/div>\n\t\t","protected":false},"excerpt":{"rendered":"<p>Pferdeunterst\u00fctztes Coaching Das Pferd steigert die Aussch\u00fcttung des Liebeshormon Oxytocin, was somit beim Mensch das Gef\u00fchl von Sicherheit und Geborgenheit ausl\u00f6st. Diese Gef\u00fchle k\u00f6nnen so dazu f\u00fchren, dass schneller ein sicherer Raum geschaffen werden kann und der Kunde dem Coach sich schneller anvertraut.Nicht nur das ist ein grosser Vorteil in der Zusammenarbeit mit dem Pferd. [&hellip;]<\/p>\n","protected":false},"author":1,"featured_media":0,"parent":0,"menu_order":0,"comment_status":"closed","ping_status":"closed","template":"elementor_header_footer","meta":{"footnotes":""},"folder":[28],"class_list":["post-7278","page","type-page","status-publish","hentry"],"yoast_head":"<!-- This site is optimized with the Yoast SEO plugin v26.6 - https:\/\/yoast.com\/wordpress\/plugins\/seo\/ -->\n<title>COACHING - Move your Soul by Celine Deutsch<\/title>\n<meta name=\"robots\" content=\"index, follow, max-snippet:-1, max-image-preview:large, max-video-preview:-1\" \/>\n<link rel=\"canonical\" href=\"https:\/\/move-your-soul.ch\/index.php\/pferdeunterstuetztes-coaching\/\" \/>\n<meta property=\"og:locale\" content=\"de_DE\" \/>\n<meta property=\"og:type\" content=\"article\" \/>\n<meta property=\"og:title\" content=\"COACHING - Move your Soul by Celine Deutsch\" \/>\n<meta property=\"og:description\" content=\"Pferdeunterst\u00fctztes Coaching Das Pferd steigert die Aussch\u00fcttung des Liebeshormon Oxytocin, was somit beim Mensch das Gef\u00fchl von Sicherheit und Geborgenheit ausl\u00f6st. Diese Gef\u00fchle k\u00f6nnen so dazu f\u00fchren, dass schneller ein sicherer Raum geschaffen werden kann und der Kunde dem Coach sich schneller anvertraut.Nicht nur das ist ein grosser Vorteil in der Zusammenarbeit mit dem Pferd. [&hellip;]\" \/>\n<meta property=\"og:url\" content=\"https:\/\/move-your-soul.ch\/index.php\/pferdeunterstuetztes-coaching\/\" \/>\n<meta property=\"og:site_name\" content=\"Move your Soul by Celine Deutsch\" \/>\n<meta property=\"article:modified_time\" content=\"2026-03-14T17:50:46+00:00\" \/>\n<meta name=\"twitter:card\" content=\"summary_large_image\" \/>\n<meta name=\"twitter:label1\" content=\"Gesch\u00e4tzte Lesezeit\" \/>\n\t<meta name=\"twitter:data1\" content=\"3\u00a0Minuten\" \/>\n<script type=\"application\/ld+json\" class=\"yoast-schema-graph\">{\"@context\":\"https:\/\/schema.org\",\"@graph\":[{\"@type\":\"WebPage\",\"@id\":\"https:\/\/move-your-soul.ch\/index.php\/pferdeunterstuetztes-coaching\/\",\"url\":\"https:\/\/move-your-soul.ch\/index.php\/pferdeunterstuetztes-coaching\/\",\"name\":\"COACHING - Move your Soul by Celine Deutsch\",\"isPartOf\":{\"@id\":\"https:\/\/move-your-soul.ch\/#website\"},\"datePublished\":\"2023-09-24T19:46:19+00:00\",\"dateModified\":\"2026-03-14T17:50:46+00:00\",\"breadcrumb\":{\"@id\":\"https:\/\/move-your-soul.ch\/index.php\/pferdeunterstuetztes-coaching\/#breadcrumb\"},\"inLanguage\":\"de\",\"potentialAction\":[{\"@type\":\"ReadAction\",\"target\":[\"https:\/\/move-your-soul.ch\/index.php\/pferdeunterstuetztes-coaching\/\"]}]},{\"@type\":\"BreadcrumbList\",\"@id\":\"https:\/\/move-your-soul.ch\/index.php\/pferdeunterstuetztes-coaching\/#breadcrumb\",\"itemListElement\":[{\"@type\":\"ListItem\",\"position\":1,\"name\":\"Startseite\",\"item\":\"https:\/\/move-your-soul.ch\/\"},{\"@type\":\"ListItem\",\"position\":2,\"name\":\"COACHING\"}]},{\"@type\":\"WebSite\",\"@id\":\"https:\/\/move-your-soul.ch\/#website\",\"url\":\"https:\/\/move-your-soul.ch\/\",\"name\":\"Move your Soul by Celine Deutsch\",\"description\":\"Celine Deutsch\",\"publisher\":{\"@id\":\"https:\/\/move-your-soul.ch\/#organization\"},\"potentialAction\":[{\"@type\":\"SearchAction\",\"target\":{\"@type\":\"EntryPoint\",\"urlTemplate\":\"https:\/\/move-your-soul.ch\/?s={search_term_string}\"},\"query-input\":{\"@type\":\"PropertyValueSpecification\",\"valueRequired\":true,\"valueName\":\"search_term_string\"}}],\"inLanguage\":\"de\"},{\"@type\":\"Organization\",\"@id\":\"https:\/\/move-your-soul.ch\/#organization\",\"name\":\"Move your Soul by Celine Deutsch\",\"url\":\"https:\/\/move-your-soul.ch\/\",\"logo\":{\"@type\":\"ImageObject\",\"inLanguage\":\"de\",\"@id\":\"https:\/\/move-your-soul.ch\/#\/schema\/logo\/image\/\",\"url\":\"https:\/\/move-your-soul.ch\/wp-content\/uploads\/2022\/08\/Logo.png\",\"contentUrl\":\"https:\/\/move-your-soul.ch\/wp-content\/uploads\/2022\/08\/Logo.png\",\"width\":1563,\"height\":1563,\"caption\":\"Move your Soul by Celine Deutsch\"},\"image\":{\"@id\":\"https:\/\/move-your-soul.ch\/#\/schema\/logo\/image\/\"}}]}<\/script>\n<!-- \/ Yoast SEO plugin. -->","yoast_head_json":{"title":"COACHING - Move your Soul by Celine Deutsch","robots":{"index":"index","follow":"follow","max-snippet":"max-snippet:-1","max-image-preview":"max-image-preview:large","max-video-preview":"max-video-preview:-1"},"canonical":"https:\/\/move-your-soul.ch\/index.php\/pferdeunterstuetztes-coaching\/","og_locale":"de_DE","og_type":"article","og_title":"COACHING - Move your Soul by Celine Deutsch","og_description":"Pferdeunterst\u00fctztes Coaching Das Pferd steigert die Aussch\u00fcttung des Liebeshormon Oxytocin, was somit beim Mensch das Gef\u00fchl von Sicherheit und Geborgenheit ausl\u00f6st. Diese Gef\u00fchle k\u00f6nnen so dazu f\u00fchren, dass schneller ein sicherer Raum geschaffen werden kann und der Kunde dem Coach sich schneller anvertraut.Nicht nur das ist ein grosser Vorteil in der Zusammenarbeit mit dem Pferd. [&hellip;]","og_url":"https:\/\/move-your-soul.ch\/index.php\/pferdeunterstuetztes-coaching\/","og_site_name":"Move your Soul by Celine Deutsch","article_modified_time":"2026-03-14T17:50:46+00:00","twitter_card":"summary_large_image","twitter_misc":{"Gesch\u00e4tzte Lesezeit":"3\u00a0Minuten"},"schema":{"@context":"https:\/\/schema.org","@graph":[{"@type":"WebPage","@id":"https:\/\/move-your-soul.ch\/index.php\/pferdeunterstuetztes-coaching\/","url":"https:\/\/move-your-soul.ch\/index.php\/pferdeunterstuetztes-coaching\/","name":"COACHING - Move your Soul by Celine Deutsch","isPartOf":{"@id":"https:\/\/move-your-soul.ch\/#website"},"datePublished":"2023-09-24T19:46:19+00:00","dateModified":"2026-03-14T17:50:46+00:00","breadcrumb":{"@id":"https:\/\/move-your-soul.ch\/index.php\/pferdeunterstuetztes-coaching\/#breadcrumb"},"inLanguage":"de","potentialAction":[{"@type":"ReadAction","target":["https:\/\/move-your-soul.ch\/index.php\/pferdeunterstuetztes-coaching\/"]}]},{"@type":"BreadcrumbList","@id":"https:\/\/move-your-soul.ch\/index.php\/pferdeunterstuetztes-coaching\/#breadcrumb","itemListElement":[{"@type":"ListItem","position":1,"name":"Startseite","item":"https:\/\/move-your-soul.ch\/"},{"@type":"ListItem","position":2,"name":"COACHING"}]},{"@type":"WebSite","@id":"https:\/\/move-your-soul.ch\/#website","url":"https:\/\/move-your-soul.ch\/","name":"Move your Soul by Celine Deutsch","description":"Celine Deutsch","publisher":{"@id":"https:\/\/move-your-soul.ch\/#organization"},"potentialAction":[{"@type":"SearchAction","target":{"@type":"EntryPoint","urlTemplate":"https:\/\/move-your-soul.ch\/?s={search_term_string}"},"query-input":{"@type":"PropertyValueSpecification","valueRequired":true,"valueName":"search_term_string"}}],"inLanguage":"de"},{"@type":"Organization","@id":"https:\/\/move-your-soul.ch\/#organization","name":"Move your Soul by Celine Deutsch","url":"https:\/\/move-your-soul.ch\/","logo":{"@type":"ImageObject","inLanguage":"de","@id":"https:\/\/move-your-soul.ch\/#\/schema\/logo\/image\/","url":"https:\/\/move-your-soul.ch\/wp-content\/uploads\/2022\/08\/Logo.png","contentUrl":"https:\/\/move-your-soul.ch\/wp-content\/uploads\/2022\/08\/Logo.png","width":1563,"height":1563,"caption":"Move your Soul by Celine Deutsch"},"image":{"@id":"https:\/\/move-your-soul.ch\/#\/schema\/logo\/image\/"}}]}},"_links":{"self":[{"href":"https:\/\/move-your-soul.ch\/index.php\/wp-json\/wp\/v2\/pages\/7278","targetHints":{"allow":["GET"]}}],"collection":[{"href":"https:\/\/move-your-soul.ch\/index.php\/wp-json\/wp\/v2\/pages"}],"about":[{"href":"https:\/\/move-your-soul.ch\/index.php\/wp-json\/wp\/v2\/types\/page"}],"author":[{"embeddable":true,"href":"https:\/\/move-your-soul.ch\/index.php\/wp-json\/wp\/v2\/users\/1"}],"replies":[{"embeddable":true,"href":"https:\/\/move-your-soul.ch\/index.php\/wp-json\/wp\/v2\/comments?post=7278"}],"version-history":[{"count":45,"href":"https:\/\/move-your-soul.ch\/index.php\/wp-json\/wp\/v2\/pages\/7278\/revisions"}],"predecessor-version":[{"id":8455,"href":"https:\/\/move-your-soul.ch\/index.php\/wp-json\/wp\/v2\/pages\/7278\/revisions\/8455"}],"wp:attachment":[{"href":"https:\/\/move-your-soul.ch\/index.php\/wp-json\/wp\/v2\/media?parent=7278"}],"wp:term":[{"taxonomy":"folder","embeddable":true,"href":"https:\/\/move-your-soul.ch\/index.php\/wp-json\/wp\/v2\/folder?post=7278"}],"curies":[{"name":"wp","href":"https:\/\/api.w.org\/{rel}","templated":true}]}}